{"id":58,"date":"2015-07-31T11:26:23","date_gmt":"2015-07-31T11:26:23","guid":{"rendered":"http:\/\/hypogenic.blog56.es\/?page_id=58"},"modified":"2018-12-03T11:17:09","modified_gmt":"2018-12-03T11:17:09","slug":"tabla-hipogenica","status":"publish","type":"page","link":"http:\/\/hypogenic.blog56.es\/?page_id=58","title":{"rendered":"Noticias hist\u00f3rico"},"content":{"rendered":"<p align=\"left\"><span style=\"font-family: 'Arial Narrow'; font-size: small;\">\u00a0Junio 2015, Exposici\u00f3n Sima de la Higuera, durante todo el mes de Junio 2015 se podr\u00e1 ver esta exposici\u00f3n en el Centro de Visitantes de Sierra Espu\u00f1a, organizada por el Ayuntamiento de Pliego, la Direcci\u00f3n General del Medio Natural y el CENM-naturaleza, entrada gratuita.<\/span><\/p>\n<p align=\"left\"><span style=\"font-family: 'Arial Narrow'; font-size: small;\">&#8211; Mayo 2015, Nueva publicaci\u00f3n del CENM-naturaleza\u00a0 \u00ab<i><a href=\"http:\/\/www.cuevashipogenicasdemurcia.es\/CATASTRO\/ficha-ALMEZ.htm\">La Sima del Almez ,Pliego<\/a>\u00a0 apuntes sobre su morfolog\u00eda hipog\u00e9nica<\/i>\u00ab<\/span><\/p>\n<p align=\"left\"><span style=\"font-family: 'Arial Narrow'; font-size: small;\">&#8211; Abril 2015<\/span><span style=\"font-family: 'Arial Narrow'; font-size: small;\">, Conferencia \u00abCuevas Hipog\u00e9nicas en la Regi\u00f3n de Murcia\u00bb, el d\u00eda 28 de Abril en el Museo de Ciencias Naturales de Madrid a las 19:00 h. <\/span> <span style=\"color: #ffffff; font-family: 'Arial Narrow';\"> <a href=\"http:\/\/www.cenm.es\/presentacion-madrid.jpg\"><span style=\"font-size: small;\">INVITACION<\/span><\/a><\/span><\/p>\n<p align=\"left\"><span style=\"font-family: 'Arial Narrow'; font-size: small;\">&#8211; Febrero 2015, <\/span> <span style=\"font-family: 'Arial Narrow'; font-size: small;\">Nuevas incorporaciones a la bibliograf\u00eda espeleol\u00f3gica de Murcia cuevas Hipog\u00e9nicas en la Regi\u00f3n de Murcia y la cueva hipog\u00e9nica de Luchena. <\/span> <span style=\"color: #ffffff; font-family: 'Arial Narrow';\"> <a href=\"file:\/\/\/G:\/BIBLI\/BIBLI.htm\"><span style=\"font-size: small;\">Ver&#8230;.<\/span><\/a><\/span><\/p>\n<p align=\"left\"><span style=\"font-family: 'Arial Narrow'; font-size: small;\">&#8211; Febrero 2015,\u00a0 Jornadas sobre el Karst en Yesos en Baena los d\u00edas 6-7-8 de febrero, la FERM expuso la colecci\u00f3n fotogr\u00e1fica Cuevas de Murcia en Baena con motivo de estas jornadas, y un equipo del CENM-naturaleza particip\u00f3 con una conferencia sobre las Cuevas Hipog\u00e9nicas\u00a0 en la Regi\u00f3n de Murcia. <\/span> <span style=\"font-family: 'Arial Narrow';\"> <a href=\"http:\/\/www.cenm.es\/BAENA-15\/baena-15.htm\"><span style=\"font-size: small;\">Ver resumen Jornadas<\/span><\/a><\/span><\/p>\n<p align=\"left\"><span style=\"font-family: 'Arial Narrow'; font-size: small;\">&#8211; Enero 2015, se organizan en Murcia las I Jornadas Regionales de Turismo Cient\u00edfico-Geol\u00f3gico los d\u00edas 23-24-25 de Enero, con el trasfondo de Sima de la Higuera donde espele\u00f3logos murcianos realizaron una exposici\u00f3n fotogr\u00e1fica sobre la sima de la Higuera que se quedar\u00e1 permanentemente en Pliego, el equipo de CENM-naturaleza ofreci\u00f3 una conferencia sobre las Cuevas hipog\u00e9nicas en la Regi\u00f3n de Murcia como atractivo tur\u00edstico, igualmente el profesor J.M. Calaforra dio una conferencia sobre la sima de la Higuera,\u00a0 las Jornadas fueron clausuradas por el Alcalde de Pliego y el Presidente de la F.E.R.M. <\/span> <span style=\"color: #ffffff; font-family: 'Arial Narrow'; font-size: small;\"> <a href=\"http:\/\/www.cuevasdemurcia.com\/Higuera-WEB\/JORNADAS-15\/LIBRO%20I%20JORNADAS%20REGIONALES%20DE%20TURISMO%20CIENTIFICO-GEOLOGICO_2015.pdf\"> ver memorias de las Jornadas<\/a><\/span><span style=\"font-family: 'Arial Narrow'; font-size: small;\">.<\/span><\/p>\n<p align=\"left\"><span style=\"font-family: 'Arial Narrow'; font-size: small;\">&#8211; Enero 2015, Un reportaje sobre las cuevas hipog\u00e9nica sen la regi\u00f3n de Murcia publicado en la web <\/span><span style=\"color: #ffffff; font-family: 'Arial Narrow'; font-size: small;\"> <a href=\"http:\/\/www.elclickverde.com\">www.elclickverde.com<\/a><\/span><span style=\"font-family: 'Arial Narrow'; font-size: small;\"> se puede ver en <\/span><span style=\"color: #ffffff; font-family: 'Arial Narrow'; font-size: small;\"> <a href=\"http:\/\/elclickverde.com\/reportajes\/hechizos-del-subsuelo\">VER..<\/a><span style=\"font-family: 'Arial Narrow'; font-size: small;\">.<\/span><\/span><\/p>\n<p align=\"left\"><span style=\"font-family: 'Arial Narrow'; font-size: small;\">&#8211; Enero 2015, Se incorpora plano digital de planta y secci\u00f3n <\/span> <span style=\"color: #ffffff; font-family: 'Arial Narrow'; font-size: small;\"> <a href=\"file:\/\/\/G:\/CATASTRO\/ficha-destapada.htm\">sima Destapada<\/a><\/span><span style=\"font-family: 'Arial Narrow'; font-size: small;\"> se actualizan datos en ficha.<\/span><\/p>\n<p align=\"left\"><span style=\"font-family: 'Arial Narrow'; font-size: small;\">&#8211; Enero 2015, Se ha balizado zona de paso para protecci\u00f3n y conservaci\u00f3n\u00a0 en <\/span> <span style=\"color: #ffffff; font-family: 'Arial Narrow'; font-size: small;\"> <a href=\"file:\/\/\/G:\/CATASTRO\/ficha-destapada.htm\">Sima Destapada<\/a><\/span><span style=\"font-family: 'Arial Narrow'; font-size: small;\"> sala Cartagena<\/span><\/p>\n<p align=\"left\"><span style=\"font-family: 'Arial Narrow'; font-size: small;\">&#8211; Mayo 2014, Ampliaci\u00f3n el recorrido de <\/span><span style=\"color: #ffffff; font-family: 'Arial Narrow';\"> <a href=\"http:\/\/www.cuevadelagua.net\"> <span style=\"font-size: small;\">Cueva del Agua<\/span><\/a><\/span><span style=\"font-size: small;\"><span style=\"font-family: 'Arial Narrow';\">, nueva galer\u00eda \u00ab<\/span><span style=\"color: #ffffff; font-family: 'Arial Narrow';\"><a href=\"http:\/\/www.cuevadelagua.net\/hidrotermal\/SECCION-%205%20GAMETOS.pdf\">Gametos<\/a><\/span><span style=\"font-family: 'Arial Narrow';\">\u00bb explorada con m\u00e1s de 400m. la cavidad pasa a tener un desarrollo de 2.560m. y pasa a ser la cueva m\u00e1s larga longitudinalmente de la Regi\u00f3n de Murcia con una galer\u00eda que supera los 1.260m. de recorrido lineal, desde la entrada hasta el fondo en la galer\u00eda Gametos <\/span><span style=\"color: #ffffff; font-family: 'Arial Narrow';\"> <a href=\"file:\/\/\/G:\/CATASTRO\/ficha-aguact.htm\">ver ficha<\/a><span style=\"font-family: 'Arial Narrow';\">,\u00a0\u00a0 <\/span> <a href=\"http:\/\/www.cuevadelagua.net\/hidrotermal\/planimetria.htm\"> ver pagina oficial<\/a><\/span><\/span><span style=\"font-family: 'Arial Narrow'; font-size: small;\"> ..<\/span><\/p>\n<p align=\"left\"><span style=\"font-family: 'Arial Narrow'; font-size: small;\">&#8211; <span style=\"font-family: 'Arial Narrow'; font-size: small;\">Mayo 2014, <\/span><span style=\"color: #ffffff; font-family: 'Arial Narrow'; font-size: small;\"> <a href=\"file:\/\/\/EXPO-WEB\/expo.htm\"> Exposici\u00f3n CUEVAS DE MURCIA<\/a><\/span><span style=\"font-family: 'Arial Narrow'; font-size: small;\"> en <\/span> <span style=\"color: #ffffff; font-family: 'Arial Narrow'; font-size: small;\"> <a href=\"file:\/\/\/EXPO-WEB\/cieza-exposic-prensa.htm\">Cieza<\/a><\/span><span style=\"font-family: 'Arial Narrow'; font-size: small;\"> del 9 al 18 de Mayo, exposici\u00f3n, visitas guiadas a cuevas de los Losares, conferencias, \u00abCuevas de Murcia\u00bb por; A. Ros Y J.L.Llamus\u00ed, y el \u00abKarts de los Losares\u00bb por Antonio Esp\u00edn.\u00a0 Se incorporan nuevos paneles de Cuevas de Cieza a la exposici\u00f3n itinerante Cuevas de Murcia. <\/span> <span style=\"color: #ffffff; font-family: 'Arial Narrow'; font-size: small;\"> <a href=\"file:\/\/\/EXPO-WEB\/expo.htm\">Ver&#8230;<\/a><\/span> <\/span><\/p>\n<p align=\"left\"><span style=\"font-family: 'Arial Narrow'; font-size: small;\">Mayo 2014<\/span><span style=\"font-family: 'Arial Narrow'; font-size: small;\">, <\/span> <span style=\"color: #ffffff; font-family: 'Arial Narrow';\"> <a href=\"file:\/\/\/G:\/CATASTRO\/ficha-moneda.htm\"><span style=\"font-size: small;\">Cueva de la Moneda<\/span><\/a><\/span><span style=\"font-family: 'Arial Narrow'; font-size: small;\">, Totana. Nueva topograf\u00eda digitalizada, proyecto de usos y conservaci\u00f3n <\/span> <span style=\"color: #ffffff; font-family: 'Arial Narrow';\"> <a href=\"file:\/\/\/G:\/CATASTRO\/ficha-moneda.htm\"><span style=\"font-size: small;\">Ver&#8230;<\/span><\/a><\/span><\/p>\n<p align=\"left\"><span style=\"font-family: 'Arial Narrow'; font-size: small;\">Octubre 2013, TOPOMURCIA-2013\u00a0 <\/span><\/p>\n<p align=\"left\"><span style=\"font-family: 'Arial Narrow'; font-size: small;\">Mayo 2013<\/span><span style=\"font-family: 'Arial Narrow'; font-size: small;\">, Publicaci\u00f3n de la gu\u00eda topogr\u00e1fica de Cueva del Agua <\/span> <span style=\"color: #ffffff; font-family: 'Arial Narrow';\"> <a href=\"http:\/\/www.cuevadelagua.net\/\"><span style=\"font-size: small;\">Ver&#8230;<\/span><\/a><\/span><\/p>\n<p align=\"left\"><span style=\"font-family: 'Arial Narrow'; font-size: small;\">Mayo 2013<\/span><span style=\"font-family: 'Arial Narrow'; font-size: small;\">, Especial NUDOS para espeleobuceo, una selecci\u00f3n de nudos utilizados bajo el agua especial el NUEVO NUDO MURCIANO para espeleobuceo <\/span> <span style=\"color: #ffffff; font-family: 'Arial Narrow';\"> <a href=\"http:\/\/www.cuevadelagua.net\/\"><span style=\"font-size: small;\">Ver..<\/span><\/a><\/span><\/p>\n<p align=\"center\"><span style=\"font-family: 'Arial Narrow'; font-size: small;\">VER Datos anteriores a\u00f1os <a href=\"file:\/\/\/G:\/historico-12.htm\">ver&#8230;. <\/a><\/span><\/p>\n<p align=\"center\"><span style=\"font-family: 'Arial Narrow'; font-size: small;\">con\u00a0 la colaboraci\u00f3n\u00a0 <\/span> <span style=\"color: #ffffff; font-family: 'Arial Narrow'; font-size: small;\"> <a href=\"http:\/\/www.espeleomurcia.es\">FEDERACI\u00d3N DE ESPELEOLOG\u00cdA DE LA REGI\u00d3N DE MURCIA<\/a><\/span><span style=\"font-family: 'Arial Narrow'; font-size: small;\"> \u00a0<\/span><\/p>\n<p align=\"center\">\n<p align=\"center\"><span style=\"font-family: Arial;\">\u00a0\u00a9 CENTRO DE ESTUDIOS DE LA NATURALEZA Y EL MAR<\/span><\/p>\n","protected":false},"excerpt":{"rendered":"<p>\u00a0Junio 2015, Exposici\u00f3n Sima de la Higuera, durante todo el mes de Junio 2015 se podr\u00e1 ver esta exposici\u00f3n en el Centro de Visitantes de Sierra Espu\u00f1a, organizada por el Ayuntamiento de Pliego, la Direcci\u00f3n General del Medio Natural y el CENM-naturaleza, entrada gratuita. &#8211; Mayo 2015, Nueva publicaci\u00f3n del CENM-naturaleza\u00a0 \u00abLa Sima del Almez [&hellip;]<\/p>\n","protected":false},"author":1,"featured_media":0,"parent":0,"menu_order":0,"comment_status":"closed","ping_status":"open","template":"","meta":{"footnotes":""},"class_list":["post-58","page","type-page","status-publish","hentry"],"_links":{"self":[{"href":"http:\/\/hypogenic.blog56.es\/index.php?rest_route=\/wp\/v2\/pages\/58","targetHints":{"allow":["GET"]}}],"collection":[{"href":"http:\/\/hypogenic.blog56.es\/index.php?rest_route=\/wp\/v2\/pages"}],"about":[{"href":"http:\/\/hypogenic.blog56.es\/index.php?rest_route=\/wp\/v2\/types\/page"}],"author":[{"embeddable":true,"href":"http:\/\/hypogenic.blog56.es\/index.php?rest_route=\/wp\/v2\/users\/1"}],"replies":[{"embeddable":true,"href":"http:\/\/hypogenic.blog56.es\/index.php?rest_route=%2Fwp%2Fv2%2Fcomments&post=58"}],"version-history":[{"count":4,"href":"http:\/\/hypogenic.blog56.es\/index.php?rest_route=\/wp\/v2\/pages\/58\/revisions"}],"predecessor-version":[{"id":62,"href":"http:\/\/hypogenic.blog56.es\/index.php?rest_route=\/wp\/v2\/pages\/58\/revisions\/62"}],"wp:attachment":[{"href":"http:\/\/hypogenic.blog56.es\/index.php?rest_route=%2Fwp%2Fv2%2Fmedia&parent=58"}],"curies":[{"name":"wp","href":"https:\/\/api.w.org\/{rel}","templated":true}]}}