{"id":66,"date":"2015-07-31T12:00:23","date_gmt":"2015-07-31T12:00:23","guid":{"rendered":"http:\/\/hypogenic.blog56.es\/?page_id=66"},"modified":"2022-11-05T18:56:38","modified_gmt":"2022-11-05T18:56:38","slug":"tabla-hipogenicas","status":"publish","type":"page","link":"http:\/\/hypogenic.blog56.es\/?page_id=66","title":{"rendered":"Tabla hipog\u00e9nica"},"content":{"rendered":"<p>Las cavidades de origen hipog\u00e9nico presentan por una espeleog\u00e9nesis caracter\u00edstica con elementos comunes y repetitivos, redes laber\u00ednticas tridimensionales, morfolog\u00edas y espeleotemas. Hasta hace poco tiempo estos elementos hipog\u00e9nicos pasaban desapercibidos, en otras ocasiones se encuentran enmascarados con rellenos de tipo epig\u00e9nico. Su conocimiento ayudar\u00e1 a reconocer este tipo de cavidades.<br \/>\nEn la regi\u00f3n de Murcia al suroeste de Espa\u00f1a, se concentran un gran n\u00famero de cavidades hipog\u00e9nicas, la gran mayor\u00eda y sobre todo las que presentan desarrollos laberinticos corresponde a una espeleog\u00e9nesis hipog\u00e9nica, el subsuelo de la Regi\u00f3n de Murcia es rico en \u201cacu\u00edferos\u201d con influencias \u201chidrotermales\u201d estos han configurado un karst profundo que empieza a descubrirse y conocerse.<br \/>\nLa tabla resume las caracter\u00edsticas hipog\u00e9nicas de estas cavidades, redes, morfolog\u00edas y espeleotemas, en su conjunto y ordenado para cada una de las cavidades seleccionadas. \u00a0\u00a0<a href=\"http:\/\/hypogenic.blog56.es\/wp-content\/uploads\/2022\/11\/hipo-tabla-10616.pdf\">VER HIPOGENIC TABLE<\/a><\/p>\n<p><a href=\"http:\/\/hypogenic.blog56.es\/wp-content\/uploads\/2022\/11\/hipo-tabla-10616.pdf\"><img loading=\"lazy\" decoding=\"async\" class=\"aligncenter  wp-image-886\" src=\"http:\/\/hypogenic.blog56.es\/wp-content\/uploads\/2022\/11\/hipo-tabla-10616-300x212.jpg\" alt=\"\" width=\"603\" height=\"426\" srcset=\"http:\/\/hypogenic.blog56.es\/wp-content\/uploads\/2022\/11\/hipo-tabla-10616-300x212.jpg 300w, http:\/\/hypogenic.blog56.es\/wp-content\/uploads\/2022\/11\/hipo-tabla-10616-1024x724.jpg 1024w, http:\/\/hypogenic.blog56.es\/wp-content\/uploads\/2022\/11\/hipo-tabla-10616-768x543.jpg 768w, http:\/\/hypogenic.blog56.es\/wp-content\/uploads\/2022\/11\/hipo-tabla-10616-1536x1086.jpg 1536w, http:\/\/hypogenic.blog56.es\/wp-content\/uploads\/2022\/11\/hipo-tabla-10616-2048x1448.jpg 2048w, http:\/\/hypogenic.blog56.es\/wp-content\/uploads\/2022\/11\/hipo-tabla-10616-624x441.jpg 624w\" sizes=\"auto, (max-width: 603px) 100vw, 603px\" \/><\/a><\/p>\n","protected":false},"excerpt":{"rendered":"<p>Las cavidades de origen hipog\u00e9nico presentan por una espeleog\u00e9nesis caracter\u00edstica con elementos comunes y repetitivos, redes laber\u00ednticas tridimensionales, morfolog\u00edas y espeleotemas. Hasta hace poco tiempo estos elementos hipog\u00e9nicos pasaban desapercibidos, en otras ocasiones se encuentran enmascarados con rellenos de tipo epig\u00e9nico. Su conocimiento ayudar\u00e1 a reconocer este tipo de cavidades. En la regi\u00f3n de Murcia [&hellip;]<\/p>\n","protected":false},"author":1,"featured_media":0,"parent":0,"menu_order":0,"comment_status":"closed","ping_status":"open","template":"page-templates\/full-width.php","meta":{"footnotes":""},"class_list":["post-66","page","type-page","status-publish","hentry"],"_links":{"self":[{"href":"http:\/\/hypogenic.blog56.es\/index.php?rest_route=\/wp\/v2\/pages\/66","targetHints":{"allow":["GET"]}}],"collection":[{"href":"http:\/\/hypogenic.blog56.es\/index.php?rest_route=\/wp\/v2\/pages"}],"about":[{"href":"http:\/\/hypogenic.blog56.es\/index.php?rest_route=\/wp\/v2\/types\/page"}],"author":[{"embeddable":true,"href":"http:\/\/hypogenic.blog56.es\/index.php?rest_route=\/wp\/v2\/users\/1"}],"replies":[{"embeddable":true,"href":"http:\/\/hypogenic.blog56.es\/index.php?rest_route=%2Fwp%2Fv2%2Fcomments&post=66"}],"version-history":[{"count":19,"href":"http:\/\/hypogenic.blog56.es\/index.php?rest_route=\/wp\/v2\/pages\/66\/revisions"}],"predecessor-version":[{"id":890,"href":"http:\/\/hypogenic.blog56.es\/index.php?rest_route=\/wp\/v2\/pages\/66\/revisions\/890"}],"wp:attachment":[{"href":"http:\/\/hypogenic.blog56.es\/index.php?rest_route=%2Fwp%2Fv2%2Fmedia&parent=66"}],"curies":[{"name":"wp","href":"https:\/\/api.w.org\/{rel}","templated":true}]}}